{"id":1478,"date":"2024-12-02T08:18:05","date_gmt":"2024-12-02T08:18:05","guid":{"rendered":"https:\/\/www.taxperia.com.tr\/index.php\/ozelge-copy\/"},"modified":"2024-12-02T08:19:27","modified_gmt":"2024-12-02T08:19:27","slug":"kararlar","status":"publish","type":"page","link":"https:\/\/www.taxperia.com.tr\/index.php\/kararlar\/","title":{"rendered":"Kararlar"},"content":{"rendered":"\t\t<div data-elementor-type=\"wp-page\" data-elementor-id=\"1478\" class=\"elementor elementor-1478\">\n\t\t\t\t\t\t<section class=\"elementor-section elementor-top-section elementor-element elementor-element-13027ce elementor-section-boxed elementor-section-height-default elementor-section-height-default\" data-id=\"13027ce\" data-element_type=\"section\" data-e-type=\"section\" data-settings=\"{&quot;background_background&quot;:&quot;classic&quot;}\">\n\t\t\t\t\t\t<div class=\"elementor-container elementor-column-gap-no\">\n\t\t\t\t\t<div class=\"aux-parallax-section elementor-column elementor-col-100 elementor-top-column elementor-element elementor-element-daeda66\" data-id=\"daeda66\" data-element_type=\"column\" data-e-type=\"column\">\n\t\t\t<div class=\"elementor-widget-wrap elementor-element-populated\">\n\t\t\t\t\t\t<div class=\"elementor-element elementor-element-1f4ebef aux-appear-watch-animation aux-fade-in elementor-widget elementor-widget-aux_recent_posts\" data-id=\"1f4ebef\" data-element_type=\"widget\" data-e-type=\"widget\" data-settings=\"{&quot;columns&quot;:&quot;3&quot;,&quot;columns_tablet&quot;:&quot;2&quot;,&quot;columns_mobile&quot;:&quot;1&quot;}\" data-widget_type=\"aux_recent_posts.default\">\n\t\t\t\t<div class=\"elementor-widget-container\">\n\t\t\t\t\t<script>auxinNS(\"auxin.content.loadmore.au46b13b0a\"); auxin.content.loadmore.au46b13b0a={\"nonce\":\"4880e019af\",\"args\":{\"title\":\"\",\"subtitle\":\"\",\"cat\":[\"17\"],\"num\":\"6\",\"only_posts__in\":\"\",\"include\":\"\",\"exclude\":\"\",\"offset\":\"\",\"paged\":\"\",\"post_type\":\"post\",\"taxonomy_name\":\"category\",\"order_by\":\"date\",\"order\":\"DESC\",\"exclude_without_media\":\"\",\"exclude_custom_post_formats\":\"\",\"exclude_quote_link\":null,\"include_post_formats_in\":\"\",\"exclude_post_formats_in\":[],\"size\":\"\",\"display_title\":\"yes\",\"words_num\":\"\",\"show_media\":\"yes\",\"display_like\":\"\",\"display_comments\":\"\",\"display_categories\":\"\",\"max_taxonomy_num\":null,\"show_badge\":\"no\",\"content_layout\":\"default\",\"excerpt_len\":null,\"excerpt_length\":null,\"show_excerpt\":\"\",\"show_content\":\"\",\"show_info\":\"yes\",\"show_format_icon\":\"no\",\"show_date\":\"yes\",\"ignore_formats\":\"no\",\"post_info_position\":\"after-title\",\"author_or_readmore\":\"none\",\"image_aspect_ratio\":\"0.75\",\"meta_info_position\":\"after-content\",\"desktop_cnum\":\"3\",\"tablet_cnum\":\"2\",\"phone_cnum\":\"1\",\"preview_mode\":\"grid\",\"grid_table_hover\":\"bgimage-bgcolor\",\"tag\":\"\",\"display_author_footer\":null,\"display_author_header\":\"\",\"preloadable\":\"no\",\"preload_preview\":null,\"preload_bgcolor\":null,\"extra_classes\":\"\",\"extra_column_classes\":\"\",\"custom_el_id\":\"\",\"carousel_space\":null,\"carousel_autoplay\":null,\"carousel_autoplay_delay\":null,\"carousel_navigation\":null,\"carousel_navigation_control\":null,\"carousel_nav_control_pos\":null,\"carousel_nav_control_skin\":null,\"carousel_loop\":null,\"request_from\":\"\",\"template_part_file\":\"theme-parts\\\/entry\\\/post-column\",\"extra_template_path\":\"\",\"universal_id\":\"au46b13b0a\",\"reset_query\":true,\"wp_query_args\":[],\"custom_wp_query\":\"\",\"loadmore_type\":\"next\",\"loadmore_per_page\":\"6\",\"content\":null,\"skip_wrappers\":true,\"content_width\":2000,\"inview_transition\":\"none\",\"inview_duration\":\"\",\"inview_delay\":\"\",\"inview_repeat\":\"no\",\"inview_offset\":\"\",\"called_from\":\"\"},\"handler\":\"aux_recent_posts\",\"per_page\":\"6\"};<\/script><section class=\"widget-container aux-ajax-type-next aux-widget-recent-posts aux-parent-au46b13b0a\"><div data-element-id=\"au46b13b0a\" class=\"aux-match-height aux-row aux-de-col3 aux-tb-col2 aux-mb-col1 aux-total-1 aux-no-meta aux-ajax-view  \"><div class=\"aux-col aux-ajax-item post-1487\">\n                        <article class=\"post column-entry no-media post-1487 type-post status-publish format-standard hentry category-karar\">\n                            \n                            <div class=\"entry-main\">\n                                                        \n                                <header class=\"entry-header\">\n                                \n                                    <h4 class=\"entry-title\">\n                                        <a href=\"https:\/\/www.taxperia.com.tr\/index.php\/2024\/12\/02\/buyuyen-ar-ge-ve-tasarim-merkezleri-ne-ilave-kazanc-indirimi-imkani-09-01-2023-tarih-ve-6652-sayili-cumhurbaskani-karari-uyarinca-31-12-2028-tarihine-kadar-uzatilmistir\/\">\n                                            B\u00fcy\u00fcyen Ar-Ge ve Tasar\u0131m Merkezleri\u2019 ne \u0130lave Kazan\u00e7 \u0130ndirimi \u0130mk\u00e2n\u0131 09.01.2023 Tarih ve 6652 Say\u0131l\u0131 Cumhurba\u015fkan\u0131 Karar\u0131 Uyar\u0131nca 31.12.2028 Tarihine Kadar Uzat\u0131lm\u0131\u015ft\u0131r.                                        <\/a>\n                                    <\/h4>\n                                                                    <div class=\"entry-format\">\n                                        <a href=\"https:\/\/www.taxperia.com.tr\/index.php\/2024\/12\/02\/buyuyen-ar-ge-ve-tasarim-merkezleri-ne-ilave-kazanc-indirimi-imkani-09-01-2023-tarih-ve-6652-sayili-cumhurbaskani-karari-uyarinca-31-12-2028-tarihine-kadar-uzatilmistir\/\">\n                                            <div class=\"post-format format-\"> <\/div>\n                                        <\/a>\n                                    <\/div>\n                                <\/header>\n                                                            \n                                <div class=\"entry-info\">\n                                                                    <div class=\"entry-date\">\n                                        <a href=\"https:\/\/www.taxperia.com.tr\/index.php\/2024\/12\/02\/buyuyen-ar-ge-ve-tasarim-merkezleri-ne-ilave-kazanc-indirimi-imkani-09-01-2023-tarih-ve-6652-sayili-cumhurbaskani-karari-uyarinca-31-12-2028-tarihine-kadar-uzatilmistir\/\">\n                                            <time datetime=\"2024-12-02T08:22:02+00:00\" title=\"2024-12-02T08:22:02+00:00\" >Aral\u0131k 2, 2024<\/time>\n                                        <\/a>\n                                    <\/div>\n                                                                                                                                                                                                        <\/div>\n                            \n                                                        \n                            <\/div>\n\n                        <\/article>\n<\/div><\/div><\/section><!-- widget-container -->\t\t\t\t<\/div>\n\t\t\t\t<\/div>\n\t\t\t\t\t<\/div>\n\t\t<\/div>\n\t\t\t\t\t<\/div>\n\t\t<\/section>\n\t\t\t\t<\/div>\n\t\t","protected":false},"excerpt":{"rendered":"","protected":false},"author":1,"featured_media":0,"parent":0,"menu_order":0,"comment_status":"closed","ping_status":"closed","template":"templates\/page-builder-content.php","meta":{"footnotes":""},"class_list":["post-1478","page","type-page","status-publish","hentry"],"yoast_head":"<!-- This site is optimized with the Yoast SEO plugin v27.4 - https:\/\/yoast.com\/product\/yoast-seo-wordpress\/ -->\n<title>Kararlar - Taxperia YMM A.\u015e.<\/title>\n<meta name=\"robots\" content=\"index, follow, max-snippet:-1, max-image-preview:large, max-video-preview:-1\" \/>\n<link rel=\"canonical\" href=\"http:\/\/www.taxperia.com.tr\/index.php\/kararlar\/\" \/>\n<meta property=\"og:locale\" content=\"tr_TR\" \/>\n<meta property=\"og:type\" content=\"article\" \/>\n<meta property=\"og:title\" content=\"Kararlar - Taxperia YMM A.\u015e.\" \/>\n<meta property=\"og:url\" content=\"http:\/\/www.taxperia.com.tr\/index.php\/kararlar\/\" \/>\n<meta property=\"og:site_name\" content=\"Taxperia YMM A.\u015e.\" \/>\n<meta property=\"article:modified_time\" content=\"2024-12-02T08:19:27+00:00\" \/>\n<meta name=\"twitter:card\" content=\"summary_large_image\" \/>\n<script type=\"application\/ld+json\" class=\"yoast-schema-graph\">{\"@context\":\"https:\\\/\\\/schema.org\",\"@graph\":[{\"@type\":\"WebPage\",\"@id\":\"http:\\\/\\\/www.taxperia.com.tr\\\/index.php\\\/kararlar\\\/\",\"url\":\"http:\\\/\\\/www.taxperia.com.tr\\\/index.php\\\/kararlar\\\/\",\"name\":\"Kararlar - Taxperia YMM A.\u015e.\",\"isPartOf\":{\"@id\":\"https:\\\/\\\/www.taxperia.com.tr\\\/#website\"},\"datePublished\":\"2024-12-02T08:18:05+00:00\",\"dateModified\":\"2024-12-02T08:19:27+00:00\",\"breadcrumb\":{\"@id\":\"http:\\\/\\\/www.taxperia.com.tr\\\/index.php\\\/kararlar\\\/#breadcrumb\"},\"inLanguage\":\"tr\",\"potentialAction\":[{\"@type\":\"ReadAction\",\"target\":[\"http:\\\/\\\/www.taxperia.com.tr\\\/index.php\\\/kararlar\\\/\"]}]},{\"@type\":\"BreadcrumbList\",\"@id\":\"http:\\\/\\\/www.taxperia.com.tr\\\/index.php\\\/kararlar\\\/#breadcrumb\",\"itemListElement\":[{\"@type\":\"ListItem\",\"position\":1,\"name\":\"Anasayfa\",\"item\":\"https:\\\/\\\/www.taxperia.com.tr\\\/\"},{\"@type\":\"ListItem\",\"position\":2,\"name\":\"Kararlar\"}]},{\"@type\":\"WebSite\",\"@id\":\"https:\\\/\\\/www.taxperia.com.tr\\\/#website\",\"url\":\"https:\\\/\\\/www.taxperia.com.tr\\\/\",\"name\":\"Taxperia\",\"description\":\"Taxperia YMM A.\u015e.\",\"publisher\":{\"@id\":\"https:\\\/\\\/www.taxperia.com.tr\\\/#organization\"},\"potentialAction\":[{\"@type\":\"SearchAction\",\"target\":{\"@type\":\"EntryPoint\",\"urlTemplate\":\"https:\\\/\\\/www.taxperia.com.tr\\\/?s={search_term_string}\"},\"query-input\":{\"@type\":\"PropertyValueSpecification\",\"valueRequired\":true,\"valueName\":\"search_term_string\"}}],\"inLanguage\":\"tr\"},{\"@type\":\"Organization\",\"@id\":\"https:\\\/\\\/www.taxperia.com.tr\\\/#organization\",\"name\":\"Taxperia Yeminli Mali M\u00fc\u015favirlik\",\"url\":\"https:\\\/\\\/www.taxperia.com.tr\\\/\",\"logo\":{\"@type\":\"ImageObject\",\"inLanguage\":\"tr\",\"@id\":\"https:\\\/\\\/www.taxperia.com.tr\\\/#\\\/schema\\\/logo\\\/image\\\/\",\"url\":\"https:\\\/\\\/www.taxperia.com.tr\\\/wp-content\\\/uploads\\\/2024\\\/11\\\/taxperia_logo5.png\",\"contentUrl\":\"https:\\\/\\\/www.taxperia.com.tr\\\/wp-content\\\/uploads\\\/2024\\\/11\\\/taxperia_logo5.png\",\"width\":550,\"height\":138,\"caption\":\"Taxperia Yeminli Mali M\u00fc\u015favirlik\"},\"image\":{\"@id\":\"https:\\\/\\\/www.taxperia.com.tr\\\/#\\\/schema\\\/logo\\\/image\\\/\"}}]}<\/script>\n<!-- \/ Yoast SEO plugin. -->","yoast_head_json":{"title":"Kararlar - Taxperia YMM A.\u015e.","robots":{"index":"index","follow":"follow","max-snippet":"max-snippet:-1","max-image-preview":"max-image-preview:large","max-video-preview":"max-video-preview:-1"},"canonical":"http:\/\/www.taxperia.com.tr\/index.php\/kararlar\/","og_locale":"tr_TR","og_type":"article","og_title":"Kararlar - Taxperia YMM A.\u015e.","og_url":"http:\/\/www.taxperia.com.tr\/index.php\/kararlar\/","og_site_name":"Taxperia YMM A.\u015e.","article_modified_time":"2024-12-02T08:19:27+00:00","twitter_card":"summary_large_image","schema":{"@context":"https:\/\/schema.org","@graph":[{"@type":"WebPage","@id":"http:\/\/www.taxperia.com.tr\/index.php\/kararlar\/","url":"http:\/\/www.taxperia.com.tr\/index.php\/kararlar\/","name":"Kararlar - Taxperia YMM A.\u015e.","isPartOf":{"@id":"https:\/\/www.taxperia.com.tr\/#website"},"datePublished":"2024-12-02T08:18:05+00:00","dateModified":"2024-12-02T08:19:27+00:00","breadcrumb":{"@id":"http:\/\/www.taxperia.com.tr\/index.php\/kararlar\/#breadcrumb"},"inLanguage":"tr","potentialAction":[{"@type":"ReadAction","target":["http:\/\/www.taxperia.com.tr\/index.php\/kararlar\/"]}]},{"@type":"BreadcrumbList","@id":"http:\/\/www.taxperia.com.tr\/index.php\/kararlar\/#breadcrumb","itemListElement":[{"@type":"ListItem","position":1,"name":"Anasayfa","item":"https:\/\/www.taxperia.com.tr\/"},{"@type":"ListItem","position":2,"name":"Kararlar"}]},{"@type":"WebSite","@id":"https:\/\/www.taxperia.com.tr\/#website","url":"https:\/\/www.taxperia.com.tr\/","name":"Taxperia","description":"Taxperia YMM A.\u015e.","publisher":{"@id":"https:\/\/www.taxperia.com.tr\/#organization"},"potentialAction":[{"@type":"SearchAction","target":{"@type":"EntryPoint","urlTemplate":"https:\/\/www.taxperia.com.tr\/?s={search_term_string}"},"query-input":{"@type":"PropertyValueSpecification","valueRequired":true,"valueName":"search_term_string"}}],"inLanguage":"tr"},{"@type":"Organization","@id":"https:\/\/www.taxperia.com.tr\/#organization","name":"Taxperia Yeminli Mali M\u00fc\u015favirlik","url":"https:\/\/www.taxperia.com.tr\/","logo":{"@type":"ImageObject","inLanguage":"tr","@id":"https:\/\/www.taxperia.com.tr\/#\/schema\/logo\/image\/","url":"https:\/\/www.taxperia.com.tr\/wp-content\/uploads\/2024\/11\/taxperia_logo5.png","contentUrl":"https:\/\/www.taxperia.com.tr\/wp-content\/uploads\/2024\/11\/taxperia_logo5.png","width":550,"height":138,"caption":"Taxperia Yeminli Mali M\u00fc\u015favirlik"},"image":{"@id":"https:\/\/www.taxperia.com.tr\/#\/schema\/logo\/image\/"}}]}},"_links":{"self":[{"href":"https:\/\/www.taxperia.com.tr\/index.php\/wp-json\/wp\/v2\/pages\/1478","targetHints":{"allow":["GET"]}}],"collection":[{"href":"https:\/\/www.taxperia.com.tr\/index.php\/wp-json\/wp\/v2\/pages"}],"about":[{"href":"https:\/\/www.taxperia.com.tr\/index.php\/wp-json\/wp\/v2\/types\/page"}],"author":[{"embeddable":true,"href":"https:\/\/www.taxperia.com.tr\/index.php\/wp-json\/wp\/v2\/users\/1"}],"replies":[{"embeddable":true,"href":"https:\/\/www.taxperia.com.tr\/index.php\/wp-json\/wp\/v2\/comments?post=1478"}],"version-history":[{"count":4,"href":"https:\/\/www.taxperia.com.tr\/index.php\/wp-json\/wp\/v2\/pages\/1478\/revisions"}],"predecessor-version":[{"id":1486,"href":"https:\/\/www.taxperia.com.tr\/index.php\/wp-json\/wp\/v2\/pages\/1478\/revisions\/1486"}],"wp:attachment":[{"href":"https:\/\/www.taxperia.com.tr\/index.php\/wp-json\/wp\/v2\/media?parent=1478"}],"curies":[{"name":"wp","href":"https:\/\/api.w.org\/{rel}","templated":true}]}}